{"id":3481,"date":"2024-04-15T12:27:47","date_gmt":"2024-04-15T18:27:47","guid":{"rendered":"https:\/\/aurora.coloradokidsdental.com\/?page_id=3481"},"modified":"2024-07-30T15:01:45","modified_gmt":"2024-07-30T21:01:45","slug":"correctores-dentales-clasicos","status":"publish","type":"page","link":"https:\/\/aurora.coloradokidsdental.com\/es\/services\/orthodontics\/traditional-dental-braces\/","title":{"rendered":"Correctores dentales cl\u00e1sicos"},"content":{"rendered":"<h2>Correctores dentales cl\u00e1sicos en Aurora, CO<\/h2>\n<p>Many of our patients, especially teenagers, are excited about clear, removable orthodontic aligners. However, aligners aren\u2019t right for every orthodontic case. The gold standard for orthodontics is traditional metal braces. The team at Kid&#8217;s Dental may recommend traditional dental braces for your child, here\u2019s everything you need to know about this treatment.<\/p>\n<blockquote>\n<h5><em><img loading=\"lazy\" decoding=\"async\" class=\"alignnone wp-image-3764\" src=\"https:\/\/aurora.coloradokidsdental.com\/wp-content\/uploads\/2024\/07\/lightbulb.png\" alt=\"\" width=\"35\" height=\"35\" srcset=\"https:\/\/aurora.coloradokidsdental.com\/wp-content\/uploads\/2024\/07\/lightbulb.png 64w, https:\/\/aurora.coloradokidsdental.com\/wp-content\/uploads\/2024\/07\/lightbulb-12x12.png 12w\" sizes=\"(max-width: 35px) 100vw, 35px\" \/>\u00bfSAB\u00cdAS QU\u00c9?<\/em><\/h5>\n<p> El alambre que se utiliza en los aparatos dentales tradicionales fue dise\u00f1ado originalmente por la NASA. Este alambre es fino y flexible, pero puede mantener su forma.<\/em><\/p><\/blockquote>\n<h2>C\u00f3mo realinea los dientes la ortodoncia tradicional<\/h2>\n<p>Al colocar un corrector dental, se pega un diminuto bracket met\u00e1lico en cada diente a reposicionar. Peri\u00f3dicamente se va ajustando un alambre enhebrado a trav\u00e9s del aparato para guiar los dientes hacia su posici\u00f3n ideal. Los aparatos aplican una presi\u00f3n suave y constante, lo que permite desplazar los dientes a su lugar adecuado.<\/p>\n<h3>Duraci\u00f3n del tratamiento de ortodoncia<\/h3>\n<p>La duraci\u00f3n media del tratamiento con brackets dentales tradicionales es de 18 a 24 meses. En algunos casos, la duraci\u00f3n del procedimiento puede ser menor. Como cada caso es \u00fanico, nuestro equipo te proporcionar\u00e1 un calendario m\u00e1s preciso tras la consulta sobre la ortodoncia de tu hijo. Antes de colocar los brackets en los dientes de tu hijo, te facilitaremos una estimaci\u00f3n de la duraci\u00f3n prevista del tratamiento.<\/p>\n<p>Si sigues todas las instrucciones que te vaya facilitando nuestro equipo podr\u00e1s mantener la fecha estimada de finalizaci\u00f3n del tratamiento ortod\u00f3ncico de tu hijo. Acude siempre puntualmente a las revisiones, ya que retrasarlas puede alargar la duraci\u00f3n del procedimiento.<\/p>\n<h2>Problemas que corrige la ortodoncia tradicional<\/h2>\n<p>When your child visits Kid&#8217;s Dental for their orthodontic consultation, our orthodontists may recommend traditional dental braces to treat any of the following conditions:<\/p>\n<ul>\n<li>Api\u00f1amiento y problemas de espacio<\/li>\n<li>Dientes rotados<\/li>\n<li>Mand\u00edbula desalineada<\/li>\n<li>Sobremordida<\/li>\n<li>Prognatismo<\/li>\n<li>Mordida cruzada<\/li>\n<li>Mordida abierta<\/li>\n<li>Problemas periodontales (problemas de enc\u00edas)<\/li>\n<li>L\u00ednea media desigual<\/li>\n<li>Problemas de masticaci\u00f3n y habla<\/li>\n<\/ul>\n<h2>Cuidado, mantenimiento y limpieza de los brackets<\/h2>\n<p>Como los aparatos dentales tradicionales son fijos (no extra\u00edbles), hay que <a href=\"\/es\/servicios\/ortodoncia\/vida-con-brackets\/\">cuidarlos<\/a>, mantenerlos y limpiarlos a fondo y con regularidad. Una vez colocados los brackets convencionales en los dientes de tu hijo, tendr\u00e1 que aprender a cuidarlos bien durante el tratamiento. A continuaci\u00f3n te indicamos algunas cosas que debes tener en cuenta:<\/p>\n<ul>\n<li><strong>Cepillado y uso del hilo dental: <\/strong>Tu hijo debe cepillarse los dientes despu\u00e9s de cada comida y merienda, procurando limpiarse bien alrededor de cada uno de los brackets. El hilo dental con enhebrador facilita que pase por debajo de los alambres y alrededor de los brackets.<\/li>\n<li><strong>Irritaci\u00f3n: <\/strong>Si un alambre pincha en el interior de las mejillas de tu hijo, puedes colocar cera ortod\u00f3ncica sobre el aparato donde est\u00e1 la irritaci\u00f3n. Asimismo, puedes comunic\u00e1rselo a nuestro equipo durante una cita para que realice los ajustes necesarios para que el aparato sea m\u00e1s c\u00f3modo.<\/li>\n<li><strong>Dieta: <\/strong>Tu hijo no debe mascar chicle ni ingerir alimentos masticables, pegajosos o muy duros. Estos alimentos, as\u00ed como los granos y c\u00e1scaras de palomitas de ma\u00edz, pueden da\u00f1ar los aparatos de ortodoncia, dificultar su limpieza y provocar irritaci\u00f3n oral.<\/li>\n<li><strong>Citas: <\/strong>Cada seis semanas, aproximadamente, tu hijo debe acudir a nuestra consulta para someterse a una revisi\u00f3n. En esta visita comprobaremos el progreso del tratamiento, ajustaremos los aparatos de tu hijo, solucionaremos cualquier problema y responderemos a tus preguntas. Si no acudes a las visitas seg\u00fan lo previsto, puede que se prolongue la duraci\u00f3n del tratamiento.<\/li>\n<\/ul>\n<h2>Inicia hoy el tratamiento con corrector dental tradicional en Aurora<\/h2>\n<p>Si tu hijo necesita un tratamiento de ortodoncia, reserva hoy mismo una <a href=\"\/es\/servicios\/ortodoncia\/consulta-gratuita-de-ortodoncia\/\">consulta de ortodoncia gratuita<\/a> . Nuestro equipo te indicar\u00e1 si los aparatos dentales tradicionales son la mejor opci\u00f3n para tu hijo.<\/p>","protected":false},"excerpt":{"rendered":"<p>La ortodoncia tradicional es el m\u00e9todo habitual de correcci\u00f3n dental. Aunque los aparatos dentales cl\u00e1sicos son m\u00e1s visibles que los alineadores transparentes, ofrecen una terapia ortod\u00f3ncica m\u00e1s precisa que puede proporcionar mejores resultados a tu hijo.<\/p>","protected":false},"author":2,"featured_media":3660,"parent":3300,"menu_order":0,"comment_status":"closed","ping_status":"closed","template":"","meta":{"_et_pb_use_builder":"","_et_pb_old_content":"","_et_gb_content_width":"","_monsterinsights_skip_tracking":false,"_monsterinsights_sitenote_active":false,"_monsterinsights_sitenote_note":"","_monsterinsights_sitenote_category":0,"footnotes":""},"class_list":["post-3481","page","type-page","status-publish","has-post-thumbnail","hentry"],"aioseo_notices":[],"aioseo_head":"\n\t\t<!-- All in One SEO Pro 4.9.6.2 - aioseo.com -->\n\t<meta name=\"description\" content=\"Traditional Dental Braces are the gold standard for orthodontic treatments in Aurora. Learn more about how this treatment can help your child.\" \/>\n\t<meta name=\"robots\" content=\"max-image-preview:large\" \/>\n\t<meta name=\"google-site-verification\" content=\"RcTk6iT82EKOvDVoW-KjdU3GzOsIE3xKWi3DitnN5dE\" \/>\n\t<link rel=\"canonical\" href=\"https:\/\/aurora.coloradokidsdental.com\/es\/services\/orthodontics\/traditional-dental-braces\/\" \/>\n\t<meta name=\"generator\" content=\"All in One SEO Pro (AIOSEO) 4.9.6.2\" \/>\n\t\t<meta property=\"og:locale\" content=\"es_MX\" \/>\n\t\t<meta property=\"og:site_name\" content=\"Kid&#039;s Dental | Our dental office is devoted to serving our community and ensuring everyone has affordable access to dental care. We have several payment options available in addition to dental insurance, including Medicaid and CareCredit.\" \/>\n\t\t<meta property=\"og:type\" content=\"company\" \/>\n\t\t<meta property=\"og:title\" content=\"Traditional Dental Braces in Aurora | Kid&#039;s Dental\" \/>\n\t\t<meta property=\"og:description\" content=\"Traditional Dental Braces are the gold standard for orthodontic treatments in Aurora. Learn more about how this treatment can help your child.\" \/>\n\t\t<meta property=\"og:url\" content=\"https:\/\/aurora.coloradokidsdental.com\/es\/services\/orthodontics\/traditional-dental-braces\/\" \/>\n\t\t<meta property=\"og:image\" content=\"https:\/\/aurora.coloradokidsdental.com\/wp-content\/uploads\/2024\/05\/TraditionalDentalBraces.jpg\" \/>\n\t\t<meta property=\"og:image:secure_url\" content=\"https:\/\/aurora.coloradokidsdental.com\/wp-content\/uploads\/2024\/05\/TraditionalDentalBraces.jpg\" \/>\n\t\t<meta property=\"og:image:width\" content=\"600\" \/>\n\t\t<meta property=\"og:image:height\" content=\"600\" \/>\n\t\t<meta name=\"twitter:card\" content=\"summary_large_image\" \/>\n\t\t<meta name=\"twitter:title\" content=\"Traditional Dental Braces in Aurora | Kid&#039;s Dental\" \/>\n\t\t<meta name=\"twitter:description\" content=\"Traditional Dental Braces are the gold standard for orthodontic treatments in Aurora. Learn more about how this treatment can help your child.\" \/>\n\t\t<meta name=\"twitter:image\" content=\"https:\/\/aurora.coloradokidsdental.com\/wp-content\/uploads\/2024\/09\/colorado-kids-dental-new-logo.webp\" \/>\n\t\t<script type=\"application\/ld+json\" class=\"aioseo-schema\">\n\t\t\t{\"@context\":\"https:\\\/\\\/schema.org\",\"@graph\":[{\"@type\":\"BreadcrumbList\",\"@id\":\"https:\\\/\\\/aurora.coloradokidsdental.com\\\/es\\\/services\\\/orthodontics\\\/traditional-dental-braces\\\/#breadcrumblist\",\"itemListElement\":[{\"@type\":\"ListItem\",\"@id\":\"https:\\\/\\\/aurora.coloradokidsdental.com\\\/es#listItem\",\"position\":1,\"name\":\"Home\",\"item\":\"https:\\\/\\\/aurora.coloradokidsdental.com\\\/es\",\"nextItem\":{\"@type\":\"ListItem\",\"@id\":\"https:\\\/\\\/aurora.coloradokidsdental.com\\\/es\\\/services\\\/#listItem\",\"name\":\"Services\"}},{\"@type\":\"ListItem\",\"@id\":\"https:\\\/\\\/aurora.coloradokidsdental.com\\\/es\\\/services\\\/#listItem\",\"position\":2,\"name\":\"Services\",\"item\":\"https:\\\/\\\/aurora.coloradokidsdental.com\\\/es\\\/services\\\/\",\"nextItem\":{\"@type\":\"ListItem\",\"@id\":\"https:\\\/\\\/aurora.coloradokidsdental.com\\\/es\\\/services\\\/orthodontics\\\/#listItem\",\"name\":\"Orthodontics\"},\"previousItem\":{\"@type\":\"ListItem\",\"@id\":\"https:\\\/\\\/aurora.coloradokidsdental.com\\\/es#listItem\",\"name\":\"Home\"}},{\"@type\":\"ListItem\",\"@id\":\"https:\\\/\\\/aurora.coloradokidsdental.com\\\/es\\\/services\\\/orthodontics\\\/#listItem\",\"position\":3,\"name\":\"Orthodontics\",\"item\":\"https:\\\/\\\/aurora.coloradokidsdental.com\\\/es\\\/services\\\/orthodontics\\\/\",\"nextItem\":{\"@type\":\"ListItem\",\"@id\":\"https:\\\/\\\/aurora.coloradokidsdental.com\\\/es\\\/services\\\/orthodontics\\\/traditional-dental-braces\\\/#listItem\",\"name\":\"Traditional Dental Braces\"},\"previousItem\":{\"@type\":\"ListItem\",\"@id\":\"https:\\\/\\\/aurora.coloradokidsdental.com\\\/es\\\/services\\\/#listItem\",\"name\":\"Services\"}},{\"@type\":\"ListItem\",\"@id\":\"https:\\\/\\\/aurora.coloradokidsdental.com\\\/es\\\/services\\\/orthodontics\\\/traditional-dental-braces\\\/#listItem\",\"position\":4,\"name\":\"Traditional Dental Braces\",\"previousItem\":{\"@type\":\"ListItem\",\"@id\":\"https:\\\/\\\/aurora.coloradokidsdental.com\\\/es\\\/services\\\/orthodontics\\\/#listItem\",\"name\":\"Orthodontics\"}}]},{\"@type\":\"Organization\",\"@id\":\"https:\\\/\\\/aurora.coloradokidsdental.com\\\/es\\\/#organization\",\"name\":\"Kid's Dental\",\"description\":\"Our dental office is devoted to serving our community and ensuring everyone has affordable access to dental care. We have several payment options available in addition to dental insurance, including Medicaid and CareCredit.\",\"url\":\"https:\\\/\\\/aurora.coloradokidsdental.com\\\/es\\\/\",\"email\":\"chambers@coloradokidsdental.com\",\"telephone\":\"+13035297968\",\"logo\":{\"@type\":\"ImageObject\",\"url\":\"https:\\\/\\\/aurora.coloradokidsdental.com\\\/wp-content\\\/uploads\\\/2024\\\/09\\\/colorado-kids-dental-new-logo.webp\",\"@id\":\"https:\\\/\\\/aurora.coloradokidsdental.com\\\/es\\\/services\\\/orthodontics\\\/traditional-dental-braces\\\/#organizationLogo\",\"width\":350,\"height\":92},\"image\":{\"@id\":\"https:\\\/\\\/aurora.coloradokidsdental.com\\\/es\\\/services\\\/orthodontics\\\/traditional-dental-braces\\\/#organizationLogo\"},\"sameAs\":[\"https:\\\/\\\/www.facebook.com\\\/KidsDentalAurora\\\/\"],\"address\":{\"@id\":\"https:\\\/\\\/aurora.coloradokidsdental.com\\\/es\\\/#postaladdress\",\"@type\":\"PostalAddress\",\"streetAddress\":\"2295 S. Chambers Rd., Suite E\",\"postalCode\":\"80014\",\"addressLocality\":\"Aurora\",\"addressRegion\":\"Colorado\",\"addressCountry\":\"US\"}},{\"@type\":\"WebPage\",\"@id\":\"https:\\\/\\\/aurora.coloradokidsdental.com\\\/es\\\/services\\\/orthodontics\\\/traditional-dental-braces\\\/#webpage\",\"url\":\"https:\\\/\\\/aurora.coloradokidsdental.com\\\/es\\\/services\\\/orthodontics\\\/traditional-dental-braces\\\/\",\"name\":\"Traditional Dental Braces in Aurora | Kid's Dental\",\"description\":\"Traditional Dental Braces are the gold standard for orthodontic treatments in Aurora. Learn more about how this treatment can help your child.\",\"inLanguage\":\"es-MX\",\"isPartOf\":{\"@id\":\"https:\\\/\\\/aurora.coloradokidsdental.com\\\/es\\\/#website\"},\"breadcrumb\":{\"@id\":\"https:\\\/\\\/aurora.coloradokidsdental.com\\\/es\\\/services\\\/orthodontics\\\/traditional-dental-braces\\\/#breadcrumblist\"},\"image\":{\"@type\":\"ImageObject\",\"url\":\"https:\\\/\\\/aurora.coloradokidsdental.com\\\/wp-content\\\/uploads\\\/2024\\\/05\\\/TraditionalDentalBraces.jpg\",\"@id\":\"https:\\\/\\\/aurora.coloradokidsdental.com\\\/es\\\/services\\\/orthodontics\\\/traditional-dental-braces\\\/#mainImage\",\"width\":600,\"height\":600,\"caption\":\"Girl with traditional dental braces\"},\"primaryImageOfPage\":{\"@id\":\"https:\\\/\\\/aurora.coloradokidsdental.com\\\/es\\\/services\\\/orthodontics\\\/traditional-dental-braces\\\/#mainImage\"},\"datePublished\":\"2024-04-15T12:27:47-06:00\",\"dateModified\":\"2024-07-30T15:01:45-06:00\"},{\"@type\":\"WebSite\",\"@id\":\"https:\\\/\\\/aurora.coloradokidsdental.com\\\/es\\\/#website\",\"url\":\"https:\\\/\\\/aurora.coloradokidsdental.com\\\/es\\\/\",\"name\":\"Kid's Dental\",\"alternateName\":\"Kid's Dental\",\"description\":\"Our dental office is devoted to serving our community and ensuring everyone has affordable access to dental care. We have several payment options available in addition to dental insurance, including Medicaid and CareCredit.\",\"inLanguage\":\"es-MX\",\"publisher\":{\"@id\":\"https:\\\/\\\/aurora.coloradokidsdental.com\\\/es\\\/#organization\"}}]}\n\t\t<\/script>\n\t\t<!-- All in One SEO Pro -->\r\n\t\t<title>Traditional Dental Braces in Aurora | Kid's Dental<\/title>\n\n","aioseo_head_json":{"title":"Correctores dentales cl\u00e1sicos en Aurora | Kid's Dental","description":"La ortodoncia tradicional es el m\u00e9todo habitual en los tratamientos de ortodoncia en Aurora. Inf\u00f3rmate sobre c\u00f3mo este tratamiento puede ayudar a tu hijo.","canonical_url":"https:\/\/aurora.coloradokidsdental.com\/es\/services\/orthodontics\/traditional-dental-braces\/","robots":"max-image-preview:large","keywords":"","webmasterTools":{"google-site-verification":"RcTk6iT82EKOvDVoW-KjdU3GzOsIE3xKWi3DitnN5dE","miscellaneous":""},"schema":{"@context":"https:\/\/schema.org","@graph":[{"@type":"BreadcrumbList","@id":"https:\/\/aurora.coloradokidsdental.com\/es\/services\/orthodontics\/traditional-dental-braces\/#breadcrumblist","itemListElement":[{"@type":"ListItem","@id":"https:\/\/aurora.coloradokidsdental.com\/es#listItem","position":1,"name":"Home","item":"https:\/\/aurora.coloradokidsdental.com\/es","nextItem":{"@type":"ListItem","@id":"https:\/\/aurora.coloradokidsdental.com\/es\/services\/#listItem","name":"Services"}},{"@type":"ListItem","@id":"https:\/\/aurora.coloradokidsdental.com\/es\/services\/#listItem","position":2,"name":"Services","item":"https:\/\/aurora.coloradokidsdental.com\/es\/services\/","nextItem":{"@type":"ListItem","@id":"https:\/\/aurora.coloradokidsdental.com\/es\/services\/orthodontics\/#listItem","name":"Orthodontics"},"previousItem":{"@type":"ListItem","@id":"https:\/\/aurora.coloradokidsdental.com\/es#listItem","name":"Home"}},{"@type":"ListItem","@id":"https:\/\/aurora.coloradokidsdental.com\/es\/services\/orthodontics\/#listItem","position":3,"name":"Orthodontics","item":"https:\/\/aurora.coloradokidsdental.com\/es\/services\/orthodontics\/","nextItem":{"@type":"ListItem","@id":"https:\/\/aurora.coloradokidsdental.com\/es\/services\/orthodontics\/traditional-dental-braces\/#listItem","name":"Traditional Dental Braces"},"previousItem":{"@type":"ListItem","@id":"https:\/\/aurora.coloradokidsdental.com\/es\/services\/#listItem","name":"Services"}},{"@type":"ListItem","@id":"https:\/\/aurora.coloradokidsdental.com\/es\/services\/orthodontics\/traditional-dental-braces\/#listItem","position":4,"name":"Traditional Dental Braces","previousItem":{"@type":"ListItem","@id":"https:\/\/aurora.coloradokidsdental.com\/es\/services\/orthodontics\/#listItem","name":"Orthodontics"}}]},{"@type":"Organization","@id":"https:\/\/aurora.coloradokidsdental.com\/es\/#organization","name":"Kid's Dental","description":"Our dental office is devoted to serving our community and ensuring everyone has affordable access to dental care. We have several payment options available in addition to dental insurance, including Medicaid and CareCredit.","url":"https:\/\/aurora.coloradokidsdental.com\/es\/","email":"chambers@coloradokidsdental.com","telephone":"+13035297968","logo":{"@type":"ImageObject","url":"https:\/\/aurora.coloradokidsdental.com\/wp-content\/uploads\/2024\/09\/colorado-kids-dental-new-logo.webp","@id":"https:\/\/aurora.coloradokidsdental.com\/es\/services\/orthodontics\/traditional-dental-braces\/#organizationLogo","width":350,"height":92},"image":{"@id":"https:\/\/aurora.coloradokidsdental.com\/es\/services\/orthodontics\/traditional-dental-braces\/#organizationLogo"},"sameAs":["https:\/\/www.facebook.com\/KidsDentalAurora\/"],"address":{"@id":"https:\/\/aurora.coloradokidsdental.com\/es\/#postaladdress","@type":"PostalAddress","streetAddress":"2295 S. Chambers Rd., Suite E","postalCode":"80014","addressLocality":"Aurora","addressRegion":"Colorado","addressCountry":"US"}},{"@type":"WebPage","@id":"https:\/\/aurora.coloradokidsdental.com\/es\/services\/orthodontics\/traditional-dental-braces\/#webpage","url":"https:\/\/aurora.coloradokidsdental.com\/es\/services\/orthodontics\/traditional-dental-braces\/","name":"Traditional Dental Braces in Aurora | Kid's Dental","description":"Traditional Dental Braces are the gold standard for orthodontic treatments in Aurora. Learn more about how this treatment can help your child.","inLanguage":"es-MX","isPartOf":{"@id":"https:\/\/aurora.coloradokidsdental.com\/es\/#website"},"breadcrumb":{"@id":"https:\/\/aurora.coloradokidsdental.com\/es\/services\/orthodontics\/traditional-dental-braces\/#breadcrumblist"},"image":{"@type":"ImageObject","url":"https:\/\/aurora.coloradokidsdental.com\/wp-content\/uploads\/2024\/05\/TraditionalDentalBraces.jpg","@id":"https:\/\/aurora.coloradokidsdental.com\/es\/services\/orthodontics\/traditional-dental-braces\/#mainImage","width":600,"height":600,"caption":"Girl with traditional dental braces"},"primaryImageOfPage":{"@id":"https:\/\/aurora.coloradokidsdental.com\/es\/services\/orthodontics\/traditional-dental-braces\/#mainImage"},"datePublished":"2024-04-15T12:27:47-06:00","dateModified":"2024-07-30T15:01:45-06:00"},{"@type":"WebSite","@id":"https:\/\/aurora.coloradokidsdental.com\/es\/#website","url":"https:\/\/aurora.coloradokidsdental.com\/es\/","name":"Kid's Dental","alternateName":"Kid's Dental","description":"Our dental office is devoted to serving our community and ensuring everyone has affordable access to dental care. We have several payment options available in addition to dental insurance, including Medicaid and CareCredit.","inLanguage":"es-MX","publisher":{"@id":"https:\/\/aurora.coloradokidsdental.com\/es\/#organization"}}]},"og:locale":"es_MX","og:site_name":"Kid's Dental | Our dental office is devoted to serving our community and ensuring everyone has affordable access to dental care. We have several payment options available in addition to dental insurance, including Medicaid and CareCredit.","og:type":"company","og:title":"Traditional Dental Braces in Aurora | Kid's Dental","og:description":"Traditional Dental Braces are the gold standard for orthodontic treatments in Aurora. Learn more about how this treatment can help your child.","og:url":"https:\/\/aurora.coloradokidsdental.com\/es\/services\/orthodontics\/traditional-dental-braces\/","og:image":"https:\/\/aurora.coloradokidsdental.com\/wp-content\/uploads\/2024\/05\/TraditionalDentalBraces.jpg","og:image:secure_url":"https:\/\/aurora.coloradokidsdental.com\/wp-content\/uploads\/2024\/05\/TraditionalDentalBraces.jpg","og:image:width":600,"og:image:height":600,"twitter:card":"summary_large_image","twitter:title":"Traditional Dental Braces in Aurora | Kid's Dental","twitter:description":"Traditional Dental Braces are the gold standard for orthodontic treatments in Aurora. Learn more about how this treatment can help your child.","twitter:image":"https:\/\/aurora.coloradokidsdental.com\/wp-content\/uploads\/2024\/09\/colorado-kids-dental-new-logo.webp"},"aioseo_meta_data":{"post_id":"3481","title":null,"description":null,"keywords":null,"keyphrases":{"focus":{"keyphrase":"","score":0,"analysis":{"keyphraseInTitle":{"score":0,"maxScore":9,"error":1}}},"additional":[]},"primary_term":null,"canonical_url":null,"og_title":null,"og_description":null,"og_object_type":"default","og_image_type":"default","og_image_url":null,"og_image_width":null,"og_image_height":null,"og_image_custom_url":null,"og_image_custom_fields":null,"og_video":"","og_custom_url":null,"og_article_section":null,"og_article_tags":null,"twitter_use_og":false,"twitter_card":"default","twitter_image_type":"default","twitter_image_url":null,"twitter_image_custom_url":null,"twitter_image_custom_fields":null,"twitter_title":null,"twitter_description":null,"schema":{"blockGraphs":[],"customGraphs":[],"default":{"data":{"Article":[],"Course":[],"Dataset":[],"FAQPage":[],"Movie":[],"Person":[],"Product":[],"ProductReview":[],"Car":[],"Recipe":[],"Service":[],"SoftwareApplication":[],"WebPage":[]},"graphName":"WebPage","isEnabled":true},"graphs":[]},"schema_type":"default","schema_type_options":null,"pillar_content":false,"robots_default":true,"robots_noindex":false,"robots_noarchive":false,"robots_nosnippet":false,"robots_nofollow":false,"robots_noimageindex":false,"robots_noodp":false,"robots_notranslate":false,"robots_max_snippet":"-1","robots_max_videopreview":"-1","robots_max_imagepreview":"large","priority":null,"frequency":"default","local_seo":null,"seo_analyzer_scan_date":"2025-08-16 22:19:22","breadcrumb_settings":null,"limit_modified_date":false,"open_ai":"{\"title\":{\"suggestions\":[],\"usage\":0},\"description\":{\"suggestions\":[],\"usage\":0}}","ai":null,"created":"2024-04-15 18:27:47","updated":"2025-10-21 20:41:39"},"aioseo_breadcrumb":"<div class=\"aioseo-breadcrumbs\"><span class=\"aioseo-breadcrumb\">\n\t<a href=\"https:\/\/aurora.coloradokidsdental.com\/es\" title=\"Home\">Home<\/a>\n<\/span><span class=\"aioseo-breadcrumb-separator\">&raquo;<\/span><span class=\"aioseo-breadcrumb\">\n\t<a href=\"https:\/\/aurora.coloradokidsdental.com\/es\/services\/\" title=\"Services\">Services<\/a>\n<\/span><span class=\"aioseo-breadcrumb-separator\">&raquo;<\/span><span class=\"aioseo-breadcrumb\">\n\t<a href=\"https:\/\/aurora.coloradokidsdental.com\/es\/services\/orthodontics\/\" title=\"Orthodontics\">Orthodontics<\/a>\n<\/span><span class=\"aioseo-breadcrumb-separator\">&raquo;<\/span><span class=\"aioseo-breadcrumb\">\n\tTraditional Dental Braces\n<\/span><\/div>","aioseo_breadcrumb_json":[{"label":"Home","link":"https:\/\/aurora.coloradokidsdental.com\/es"},{"label":"Services","link":"https:\/\/aurora.coloradokidsdental.com\/es\/services\/"},{"label":"Orthodontics","link":"https:\/\/aurora.coloradokidsdental.com\/es\/services\/orthodontics\/"},{"label":"Traditional Dental Braces","link":"https:\/\/aurora.coloradokidsdental.com\/es\/services\/orthodontics\/traditional-dental-braces\/"}],"_links":{"self":[{"href":"https:\/\/aurora.coloradokidsdental.com\/es\/wp-json\/wp\/v2\/pages\/3481","targetHints":{"allow":["GET"]}}],"collection":[{"href":"https:\/\/aurora.coloradokidsdental.com\/es\/wp-json\/wp\/v2\/pages"}],"about":[{"href":"https:\/\/aurora.coloradokidsdental.com\/es\/wp-json\/wp\/v2\/types\/page"}],"author":[{"embeddable":true,"href":"https:\/\/aurora.coloradokidsdental.com\/es\/wp-json\/wp\/v2\/users\/2"}],"replies":[{"embeddable":true,"href":"https:\/\/aurora.coloradokidsdental.com\/es\/wp-json\/wp\/v2\/comments?post=3481"}],"version-history":[{"count":0,"href":"https:\/\/aurora.coloradokidsdental.com\/es\/wp-json\/wp\/v2\/pages\/3481\/revisions"}],"up":[{"embeddable":true,"href":"https:\/\/aurora.coloradokidsdental.com\/es\/wp-json\/wp\/v2\/pages\/3300"}],"wp:featuredmedia":[{"embeddable":true,"href":"https:\/\/aurora.coloradokidsdental.com\/es\/wp-json\/wp\/v2\/media\/3660"}],"wp:attachment":[{"href":"https:\/\/aurora.coloradokidsdental.com\/es\/wp-json\/wp\/v2\/media?parent=3481"}],"curies":[{"name":"wp","href":"https:\/\/api.w.org\/{rel}","templated":true}]}}